{"id":1695,"date":"2024-10-26T07:16:18","date_gmt":"2024-10-26T07:16:18","guid":{"rendered":"https:\/\/betae-ing.com\/?page_id=1695"},"modified":"2026-04-20T14:53:46","modified_gmt":"2026-04-20T14:53:46","slug":"nos-services","status":"publish","type":"page","link":"https:\/\/betae-ing.com\/en\/nos-services\/","title":{"rendered":"Our services"},"content":{"rendered":"<div data-elementor-type=\"wp-page\" data-elementor-id=\"1695\" class=\"elementor elementor-1695\" data-elementor-post-type=\"page\">\n\t\t\t\t\t\t<section class=\"elementor-section elementor-top-section elementor-element elementor-element-9c66003 elementor-section-height-min-height elementor-section-boxed elementor-section-height-default elementor-section-items-middle\" data-id=\"9c66003\" data-element_type=\"section\" data-e-type=\"section\" data-settings=\"{&quot;background_background&quot;:&quot;classic&quot;}\">\n\t\t\t\t\t\t\t<div class=\"elementor-background-overlay\"><\/div>\n\t\t\t\t\t\t\t<div class=\"elementor-container elementor-column-gap-default\">\n\t\t\t\t\t<div class=\"elementor-column elementor-col-100 elementor-top-column elementor-element elementor-element-99faeef\" data-id=\"99faeef\" data-element_type=\"column\" data-e-type=\"column\">\n\t\t\t<div class=\"elementor-widget-wrap elementor-element-populated\">\n\t\t\t\t\t\t<div class=\"elementor-element elementor-element-6e18a53 elementor-widget elementor-widget-heading\" data-id=\"6e18a53\" data-element_type=\"widget\" data-e-type=\"widget\" data-widget_type=\"heading.default\">\n\t\t\t\t<div class=\"elementor-widget-container\">\n\t\t\t\t\t<h2 class=\"elementor-heading-title elementor-size-default\">Our services<\/h2>\t\t\t\t<\/div>\n\t\t\t\t<\/div>\n\t\t\t\t\t<\/div>\n\t\t<\/div>\n\t\t\t\t\t<\/div>\n\t\t<\/section>\n\t\t\t\t<section class=\"elementor-section elementor-top-section elementor-element elementor-element-a5978db elementor-section-boxed elementor-section-height-default elementor-section-height-default\" data-id=\"a5978db\" data-element_type=\"section\" data-e-type=\"section\">\n\t\t\t\t\t\t<div class=\"elementor-container elementor-column-gap-default\">\n\t\t\t\t\t<div class=\"elementor-column elementor-col-50 elementor-top-column elementor-element elementor-element-17bde76\" data-id=\"17bde76\" data-element_type=\"column\" data-e-type=\"column\">\n\t\t\t<div class=\"elementor-widget-wrap elementor-element-populated\">\n\t\t\t\t\t\t<div class=\"elementor-element elementor-element-4ea865b elementor-position-top elementor-widget elementor-widget-image-box\" data-id=\"4ea865b\" data-element_type=\"widget\" data-e-type=\"widget\" data-widget_type=\"image-box.default\">\n\t\t\t\t<div class=\"elementor-widget-container\">\n\t\t\t\t\t<div class=\"elementor-image-box-wrapper\"><figure class=\"elementor-image-box-img\"><img fetchpriority=\"high\" decoding=\"async\" width=\"1417\" height=\"1417\" src=\"https:\/\/betae-ing.com\/wp-content\/uploads\/2026\/04\/plom-or.png\" class=\"attachment-full size-full wp-image-2723\" alt=\"\" srcset=\"https:\/\/betae-ing.com\/wp-content\/uploads\/2026\/04\/plom-or.png 1417w, https:\/\/betae-ing.com\/wp-content\/uploads\/2026\/04\/plom-or-300x300.png 300w, https:\/\/betae-ing.com\/wp-content\/uploads\/2026\/04\/plom-or-1024x1024.png 1024w, https:\/\/betae-ing.com\/wp-content\/uploads\/2026\/04\/plom-or-150x150.png 150w, https:\/\/betae-ing.com\/wp-content\/uploads\/2026\/04\/plom-or-768x768.png 768w, https:\/\/betae-ing.com\/wp-content\/uploads\/2026\/04\/plom-or-12x12.png 12w, https:\/\/betae-ing.com\/wp-content\/uploads\/2026\/04\/plom-or-100x100.png 100w, https:\/\/betae-ing.com\/wp-content\/uploads\/2026\/04\/plom-or-200x200.png 200w, https:\/\/betae-ing.com\/wp-content\/uploads\/2026\/04\/plom-or-400x400.png 400w, https:\/\/betae-ing.com\/wp-content\/uploads\/2026\/04\/plom-or-500x500.png 500w\" sizes=\"(max-width: 1417px) 100vw, 1417px\" \/><\/figure><div class=\"elementor-image-box-content\"><h3 class=\"elementor-image-box-title\">Air conditioning<\/h3><\/div><\/div>\t\t\t\t<\/div>\n\t\t\t\t<\/div>\n\t\t\t\t<div class=\"elementor-element elementor-element-7fe7752 elementor-widget elementor-widget-text-editor\" data-id=\"7fe7752\" data-element_type=\"widget\" data-e-type=\"widget\" data-widget_type=\"text-editor.default\">\n\t\t\t\t<div class=\"elementor-widget-container\">\n\t\t\t\t\t\t\t\t\t<ul><li>Air conditioning: standard (centralized and decentralized)<\/li><li>Precision air conditioning (clean rooms, clean rooms, IT rooms, etc.)<\/li><li>Dynamic and static heating<\/li><li>Mechanical and natural ventilation<\/li><li>Humidification and dehumidification<\/li><li>Air filtration<\/li><\/ul>\t\t\t\t\t\t\t\t<\/div>\n\t\t\t\t<\/div>\n\t\t\t\t\t<\/div>\n\t\t<\/div>\n\t\t\t\t<div class=\"elementor-column elementor-col-50 elementor-top-column elementor-element elementor-element-11f600d\" data-id=\"11f600d\" data-element_type=\"column\" data-e-type=\"column\">\n\t\t\t<div class=\"elementor-widget-wrap elementor-element-populated\">\n\t\t\t\t\t\t<div class=\"elementor-element elementor-element-dbc4eb9 elementor-position-top elementor-widget elementor-widget-image-box\" data-id=\"dbc4eb9\" data-element_type=\"widget\" data-e-type=\"widget\" data-widget_type=\"image-box.default\">\n\t\t\t\t<div class=\"elementor-widget-container\">\n\t\t\t\t\t<div class=\"elementor-image-box-wrapper\"><figure class=\"elementor-image-box-img\"><img decoding=\"async\" width=\"1417\" height=\"1417\" src=\"https:\/\/betae-ing.com\/wp-content\/uploads\/2026\/04\/plomb-or.png\" class=\"attachment-full size-full wp-image-2739\" alt=\"\" srcset=\"https:\/\/betae-ing.com\/wp-content\/uploads\/2026\/04\/plomb-or.png 1417w, https:\/\/betae-ing.com\/wp-content\/uploads\/2026\/04\/plomb-or-300x300.png 300w, https:\/\/betae-ing.com\/wp-content\/uploads\/2026\/04\/plomb-or-1024x1024.png 1024w, https:\/\/betae-ing.com\/wp-content\/uploads\/2026\/04\/plomb-or-150x150.png 150w, https:\/\/betae-ing.com\/wp-content\/uploads\/2026\/04\/plomb-or-768x768.png 768w, https:\/\/betae-ing.com\/wp-content\/uploads\/2026\/04\/plomb-or-12x12.png 12w, https:\/\/betae-ing.com\/wp-content\/uploads\/2026\/04\/plomb-or-100x100.png 100w, https:\/\/betae-ing.com\/wp-content\/uploads\/2026\/04\/plomb-or-200x200.png 200w, https:\/\/betae-ing.com\/wp-content\/uploads\/2026\/04\/plomb-or-400x400.png 400w, https:\/\/betae-ing.com\/wp-content\/uploads\/2026\/04\/plomb-or-500x500.png 500w\" sizes=\"(max-width: 1417px) 100vw, 1417px\" \/><\/figure><div class=\"elementor-image-box-content\"><h3 class=\"elementor-image-box-title\">Sanitary plumbing<\/h3><\/div><\/div>\t\t\t\t<\/div>\n\t\t\t\t<\/div>\n\t\t\t\t<div class=\"elementor-element elementor-element-1c4d39f elementor-widget elementor-widget-text-editor\" data-id=\"1c4d39f\" data-element_type=\"widget\" data-e-type=\"widget\" data-widget_type=\"text-editor.default\">\n\t\t\t\t<div class=\"elementor-widget-container\">\n\t\t\t\t\t\t\t\t\t<ul><li>Evacuation of waste water, sewage, rainwater<\/li><li>Cold water supply, domestic hot water, domestic hot water return<\/li><li>Water treatment<\/li><li>Gas supply<\/li><li>VRD network and pumping station<\/li><\/ul>\t\t\t\t\t\t\t\t<\/div>\n\t\t\t\t<\/div>\n\t\t\t\t\t<\/div>\n\t\t<\/div>\n\t\t\t\t\t<\/div>\n\t\t<\/section>\n\t\t\t\t<section class=\"elementor-section elementor-top-section elementor-element elementor-element-f994151 elementor-section-boxed elementor-section-height-default elementor-section-height-default\" data-id=\"f994151\" data-element_type=\"section\" data-e-type=\"section\">\n\t\t\t\t\t\t<div class=\"elementor-container elementor-column-gap-default\">\n\t\t\t\t\t<div class=\"elementor-column elementor-col-50 elementor-top-column elementor-element elementor-element-b2c2cf4\" data-id=\"b2c2cf4\" data-element_type=\"column\" data-e-type=\"column\">\n\t\t\t<div class=\"elementor-widget-wrap elementor-element-populated\">\n\t\t\t\t\t\t<div class=\"elementor-element elementor-element-29491d6 elementor-position-top elementor-widget elementor-widget-image-box\" data-id=\"29491d6\" data-element_type=\"widget\" data-e-type=\"widget\" data-widget_type=\"image-box.default\">\n\t\t\t\t<div class=\"elementor-widget-container\">\n\t\t\t\t\t<div class=\"elementor-image-box-wrapper\"><figure class=\"elementor-image-box-img\"><img decoding=\"async\" width=\"1417\" height=\"1417\" src=\"https:\/\/betae-ing.com\/wp-content\/uploads\/2026\/04\/filtre-or.png\" class=\"attachment-full size-full wp-image-2743\" alt=\"\" srcset=\"https:\/\/betae-ing.com\/wp-content\/uploads\/2026\/04\/filtre-or.png 1417w, https:\/\/betae-ing.com\/wp-content\/uploads\/2026\/04\/filtre-or-300x300.png 300w, https:\/\/betae-ing.com\/wp-content\/uploads\/2026\/04\/filtre-or-1024x1024.png 1024w, https:\/\/betae-ing.com\/wp-content\/uploads\/2026\/04\/filtre-or-150x150.png 150w, https:\/\/betae-ing.com\/wp-content\/uploads\/2026\/04\/filtre-or-768x768.png 768w, https:\/\/betae-ing.com\/wp-content\/uploads\/2026\/04\/filtre-or-12x12.png 12w, https:\/\/betae-ing.com\/wp-content\/uploads\/2026\/04\/filtre-or-100x100.png 100w, https:\/\/betae-ing.com\/wp-content\/uploads\/2026\/04\/filtre-or-200x200.png 200w, https:\/\/betae-ing.com\/wp-content\/uploads\/2026\/04\/filtre-or-400x400.png 400w, https:\/\/betae-ing.com\/wp-content\/uploads\/2026\/04\/filtre-or-500x500.png 500w\" sizes=\"(max-width: 1417px) 100vw, 1417px\" \/><\/figure><div class=\"elementor-image-box-content\"><h3 class=\"elementor-image-box-title\">Swimming pool, spa and thalassotherapy<\/h3><\/div><\/div>\t\t\t\t<\/div>\n\t\t\t\t<\/div>\n\t\t\t\t<div class=\"elementor-element elementor-element-d511039 elementor-widget elementor-widget-text-editor\" data-id=\"d511039\" data-element_type=\"widget\" data-e-type=\"widget\" data-widget_type=\"text-editor.default\">\n\t\t\t\t<div class=\"elementor-widget-container\">\n\t\t\t\t\t\t\t\t\t<ul><li>Filtration, animation, heating and dehumidification of swimming pools<\/li><li>Fountain filtration and animation<\/li><li>SPA-SAUNA and Balneotherapy Center<\/li><li>Hammam and vaporium with entertainment and underfloor heating<\/li><li>\u00a0<\/li><\/ul>\t\t\t\t\t\t\t\t<\/div>\n\t\t\t\t<\/div>\n\t\t\t\t\t<\/div>\n\t\t<\/div>\n\t\t\t\t<div class=\"elementor-column elementor-col-50 elementor-top-column elementor-element elementor-element-cf1dc88\" data-id=\"cf1dc88\" data-element_type=\"column\" data-e-type=\"column\">\n\t\t\t<div class=\"elementor-widget-wrap elementor-element-populated\">\n\t\t\t\t\t\t<div class=\"elementor-element elementor-element-ce6e056 elementor-position-top elementor-widget elementor-widget-image-box\" data-id=\"ce6e056\" data-element_type=\"widget\" data-e-type=\"widget\" data-widget_type=\"image-box.default\">\n\t\t\t\t<div class=\"elementor-widget-container\">\n\t\t\t\t\t<div class=\"elementor-image-box-wrapper\"><figure class=\"elementor-image-box-img\"><img loading=\"lazy\" decoding=\"async\" width=\"1417\" height=\"1417\" src=\"https:\/\/betae-ing.com\/wp-content\/uploads\/2026\/04\/inc-or.png\" class=\"attachment-full size-full wp-image-2744\" alt=\"\" srcset=\"https:\/\/betae-ing.com\/wp-content\/uploads\/2026\/04\/inc-or.png 1417w, https:\/\/betae-ing.com\/wp-content\/uploads\/2026\/04\/inc-or-300x300.png 300w, https:\/\/betae-ing.com\/wp-content\/uploads\/2026\/04\/inc-or-1024x1024.png 1024w, https:\/\/betae-ing.com\/wp-content\/uploads\/2026\/04\/inc-or-150x150.png 150w, https:\/\/betae-ing.com\/wp-content\/uploads\/2026\/04\/inc-or-768x768.png 768w, https:\/\/betae-ing.com\/wp-content\/uploads\/2026\/04\/inc-or-12x12.png 12w, https:\/\/betae-ing.com\/wp-content\/uploads\/2026\/04\/inc-or-100x100.png 100w, https:\/\/betae-ing.com\/wp-content\/uploads\/2026\/04\/inc-or-200x200.png 200w, https:\/\/betae-ing.com\/wp-content\/uploads\/2026\/04\/inc-or-400x400.png 400w, https:\/\/betae-ing.com\/wp-content\/uploads\/2026\/04\/inc-or-500x500.png 500w\" sizes=\"(max-width: 1417px) 100vw, 1417px\" \/><\/figure><div class=\"elementor-image-box-content\"><h3 class=\"elementor-image-box-title\">Fire safety<\/h3><\/div><\/div>\t\t\t\t<\/div>\n\t\t\t\t<\/div>\n\t\t\t\t<div class=\"elementor-element elementor-element-5588913 elementor-widget elementor-widget-text-editor\" data-id=\"5588913\" data-element_type=\"widget\" data-e-type=\"widget\" data-widget_type=\"text-editor.default\">\n\t\t\t\t<div class=\"elementor-widget-container\">\n\t\t\t\t\t\t\t\t\t<ul><li>Ventilation and smoke extraction (natural and mechanical)<\/li><li>Sprinkler \u201cAutomatic extinguishing system\u201d<\/li><li>Fire hydrants\u00a0<\/li><li>Armed Fire Valve (RIA)<\/li><li>Fire detection and control<\/li><li>Tools for combating industrial sites, namely gas compression stations (water cannon alone or water + foam)<\/li><\/ul>\t\t\t\t\t\t\t\t<\/div>\n\t\t\t\t<\/div>\n\t\t\t\t\t<\/div>\n\t\t<\/div>\n\t\t\t\t\t<\/div>\n\t\t<\/section>\n\t\t\t\t<section class=\"elementor-section elementor-top-section elementor-element elementor-element-5efc5db elementor-section-boxed elementor-section-height-default elementor-section-height-default\" data-id=\"5efc5db\" data-element_type=\"section\" data-e-type=\"section\">\n\t\t\t\t\t\t<div class=\"elementor-container elementor-column-gap-default\">\n\t\t\t\t\t<div class=\"elementor-column elementor-col-50 elementor-top-column elementor-element elementor-element-1c73373\" data-id=\"1c73373\" data-element_type=\"column\" data-e-type=\"column\">\n\t\t\t<div class=\"elementor-widget-wrap elementor-element-populated\">\n\t\t\t\t\t\t<div class=\"elementor-element elementor-element-e026261 elementor-position-top elementor-widget elementor-widget-image-box\" data-id=\"e026261\" data-element_type=\"widget\" data-e-type=\"widget\" data-widget_type=\"image-box.default\">\n\t\t\t\t<div class=\"elementor-widget-container\">\n\t\t\t\t\t<div class=\"elementor-image-box-wrapper\"><figure class=\"elementor-image-box-img\"><img loading=\"lazy\" decoding=\"async\" width=\"1417\" height=\"1417\" src=\"https:\/\/betae-ing.com\/wp-content\/uploads\/2026\/04\/audit-or-copie.png\" class=\"attachment-full size-full wp-image-2748\" alt=\"\" srcset=\"https:\/\/betae-ing.com\/wp-content\/uploads\/2026\/04\/audit-or-copie.png 1417w, https:\/\/betae-ing.com\/wp-content\/uploads\/2026\/04\/audit-or-copie-300x300.png 300w, https:\/\/betae-ing.com\/wp-content\/uploads\/2026\/04\/audit-or-copie-1024x1024.png 1024w, https:\/\/betae-ing.com\/wp-content\/uploads\/2026\/04\/audit-or-copie-150x150.png 150w, https:\/\/betae-ing.com\/wp-content\/uploads\/2026\/04\/audit-or-copie-768x768.png 768w, https:\/\/betae-ing.com\/wp-content\/uploads\/2026\/04\/audit-or-copie-12x12.png 12w, https:\/\/betae-ing.com\/wp-content\/uploads\/2026\/04\/audit-or-copie-100x100.png 100w, https:\/\/betae-ing.com\/wp-content\/uploads\/2026\/04\/audit-or-copie-200x200.png 200w, https:\/\/betae-ing.com\/wp-content\/uploads\/2026\/04\/audit-or-copie-400x400.png 400w, https:\/\/betae-ing.com\/wp-content\/uploads\/2026\/04\/audit-or-copie-500x500.png 500w\" sizes=\"(max-width: 1417px) 100vw, 1417px\" \/><\/figure><div class=\"elementor-image-box-content\"><h3 class=\"elementor-image-box-title\">Energy audit<\/h3><\/div><\/div>\t\t\t\t<\/div>\n\t\t\t\t<\/div>\n\t\t\t\t<div class=\"elementor-element elementor-element-a1c4754 elementor-widget elementor-widget-text-editor\" data-id=\"a1c4754\" data-element_type=\"widget\" data-e-type=\"widget\" data-widget_type=\"text-editor.default\">\n\t\t\t\t<div class=\"elementor-widget-container\">\n\t\t\t\t\t\t\t\t\t<ul><li>Expert Auditor in the tertiary and residential sector<\/li><li>Energy Audit on plan<\/li><\/ul>\t\t\t\t\t\t\t\t<\/div>\n\t\t\t\t<\/div>\n\t\t\t\t\t<\/div>\n\t\t<\/div>\n\t\t\t\t<div class=\"elementor-column elementor-col-50 elementor-top-column elementor-element elementor-element-c668248\" data-id=\"c668248\" data-element_type=\"column\" data-e-type=\"column\">\n\t\t\t<div class=\"elementor-widget-wrap elementor-element-populated\">\n\t\t\t\t\t\t<div class=\"elementor-element elementor-element-3cb1da1 elementor-position-top elementor-widget elementor-widget-image-box\" data-id=\"3cb1da1\" data-element_type=\"widget\" data-e-type=\"widget\" data-widget_type=\"image-box.default\">\n\t\t\t\t<div class=\"elementor-widget-container\">\n\t\t\t\t\t<div class=\"elementor-image-box-wrapper\"><figure class=\"elementor-image-box-img\"><img loading=\"lazy\" decoding=\"async\" width=\"1417\" height=\"1417\" src=\"https:\/\/betae-ing.com\/wp-content\/uploads\/2026\/04\/redit-or.png\" class=\"attachment-full size-full wp-image-2749\" alt=\"\" srcset=\"https:\/\/betae-ing.com\/wp-content\/uploads\/2026\/04\/redit-or.png 1417w, https:\/\/betae-ing.com\/wp-content\/uploads\/2026\/04\/redit-or-300x300.png 300w, https:\/\/betae-ing.com\/wp-content\/uploads\/2026\/04\/redit-or-1024x1024.png 1024w, https:\/\/betae-ing.com\/wp-content\/uploads\/2026\/04\/redit-or-150x150.png 150w, https:\/\/betae-ing.com\/wp-content\/uploads\/2026\/04\/redit-or-768x768.png 768w, https:\/\/betae-ing.com\/wp-content\/uploads\/2026\/04\/redit-or-12x12.png 12w, https:\/\/betae-ing.com\/wp-content\/uploads\/2026\/04\/redit-or-100x100.png 100w, https:\/\/betae-ing.com\/wp-content\/uploads\/2026\/04\/redit-or-200x200.png 200w, https:\/\/betae-ing.com\/wp-content\/uploads\/2026\/04\/redit-or-400x400.png 400w, https:\/\/betae-ing.com\/wp-content\/uploads\/2026\/04\/redit-or-500x500.png 500w\" sizes=\"(max-width: 1417px) 100vw, 1417px\" \/><\/figure><div class=\"elementor-image-box-content\"><h3 class=\"elementor-image-box-title\">Revit 3D Modeling Revit MEP<\/h3><\/div><\/div>\t\t\t\t<\/div>\n\t\t\t\t<\/div>\n\t\t\t\t<div class=\"elementor-element elementor-element-3b729a0 elementor-widget elementor-widget-text-editor\" data-id=\"3b729a0\" data-element_type=\"widget\" data-e-type=\"widget\" data-widget_type=\"text-editor.default\">\n\t\t\t\t<div class=\"elementor-widget-container\">\n\t\t\t\t\t\t\t\t\t<ul><li>Drawing of the different fluid circulation components of a BIM digital model<\/li><li>Configuration of the properties of fluid networks necessary for the correct information of the 3D digital model<\/li><li>Export of the 3D digital fluid model to the IFC interoperable exchange format<\/li><\/ul>\t\t\t\t\t\t\t\t<\/div>\n\t\t\t\t<\/div>\n\t\t\t\t\t<\/div>\n\t\t<\/div>\n\t\t\t\t\t<\/div>\n\t\t<\/section>\n\t\t\t\t<section class=\"elementor-section elementor-top-section elementor-element elementor-element-59dda608 elementor-section-full_width elementor-section-items-stretch elementor-section-height-min-height elementor-section-height-default\" data-id=\"59dda608\" data-element_type=\"section\" data-e-type=\"section\" data-settings=\"{&quot;background_background&quot;:&quot;classic&quot;}\">\n\t\t\t\t\t\t<div class=\"elementor-container elementor-column-gap-default\">\n\t\t\t\t\t<div class=\"elementor-column elementor-col-100 elementor-top-column elementor-element elementor-element-5d3073f3\" data-id=\"5d3073f3\" data-element_type=\"column\" data-e-type=\"column\">\n\t\t\t<div class=\"elementor-widget-wrap elementor-element-populated\">\n\t\t\t\t\t\t<div class=\"elementor-element elementor-element-5eebbc28 elementor-widget elementor-widget-spacer\" data-id=\"5eebbc28\" data-element_type=\"widget\" data-e-type=\"widget\" data-widget_type=\"spacer.default\">\n\t\t\t\t<div class=\"elementor-widget-container\">\n\t\t\t\t\t\t\t<div class=\"elementor-spacer\">\n\t\t\t<div class=\"elementor-spacer-inner\"><\/div>\n\t\t<\/div>\n\t\t\t\t\t\t<\/div>\n\t\t\t\t<\/div>\n\t\t\t\t\t<\/div>\n\t\t<\/div>\n\t\t\t\t\t<\/div>\n\t\t<\/section>\n\t\t\t\t<\/div>","protected":false},"excerpt":{"rendered":"<p>Nos services Conditionnement d&rsquo;air Climatisation : standard (centralis\u00e9e et d\u00e9centralis\u00e9e) Climatisation de pr\u00e9cision (salles blanches, salles propres, salles IT\u2026) Chauffage dynamique et statique Ventilation m\u00e9canique et naturelle Humidification et d\u00e9shumidification Filtration de l\u2019air Plomberie Sanitaire Evacuation des eaux us\u00e9es, eaux vannes, eaux pluviales Alimentation eaux froides, eaux chaudes sanitaires, retour eaux chaudes sanitaires Traitement des [&hellip;]<\/p>\n","protected":false},"author":1,"featured_media":0,"parent":0,"menu_order":0,"comment_status":"closed","ping_status":"closed","template":"elementor_header_footer","meta":{"footnotes":""},"class_list":["post-1695","page","type-page","status-publish","hentry"],"_links":{"self":[{"href":"https:\/\/betae-ing.com\/en\/wp-json\/wp\/v2\/pages\/1695","targetHints":{"allow":["GET"]}}],"collection":[{"href":"https:\/\/betae-ing.com\/en\/wp-json\/wp\/v2\/pages"}],"about":[{"href":"https:\/\/betae-ing.com\/en\/wp-json\/wp\/v2\/types\/page"}],"author":[{"embeddable":true,"href":"https:\/\/betae-ing.com\/en\/wp-json\/wp\/v2\/users\/1"}],"replies":[{"embeddable":true,"href":"https:\/\/betae-ing.com\/en\/wp-json\/wp\/v2\/comments?post=1695"}],"version-history":[{"count":106,"href":"https:\/\/betae-ing.com\/en\/wp-json\/wp\/v2\/pages\/1695\/revisions"}],"predecessor-version":[{"id":2752,"href":"https:\/\/betae-ing.com\/en\/wp-json\/wp\/v2\/pages\/1695\/revisions\/2752"}],"wp:attachment":[{"href":"https:\/\/betae-ing.com\/en\/wp-json\/wp\/v2\/media?parent=1695"}],"curies":[{"name":"wp","href":"https:\/\/api.w.org\/{rel}","templated":true}]}}