{"id":1955,"date":"2024-10-27T09:40:04","date_gmt":"2024-10-27T09:40:04","guid":{"rendered":"https:\/\/betae-ing.com\/?page_id=1955"},"modified":"2024-10-27T09:45:51","modified_gmt":"2024-10-27T09:45:51","slug":"siege-assurance-gat","status":"publish","type":"page","link":"https:\/\/betae-ing.com\/en\/siege-assurance-gat\/","title":{"rendered":"GAT Insurance Headquarters"},"content":{"rendered":"<div data-elementor-type=\"wp-page\" data-elementor-id=\"1955\" class=\"elementor elementor-1955\" data-elementor-post-type=\"page\">\n\t\t\t\t\t\t<section class=\"elementor-section elementor-top-section elementor-element elementor-element-03da1a0 animated-slow elementor-section-full_width elementor-section-height-default elementor-section-height-default\" data-id=\"03da1a0\" data-element_type=\"section\" data-e-type=\"section\" data-settings=\"{&quot;animation&quot;:&quot;none&quot;,&quot;background_background&quot;:&quot;classic&quot;}\">\n\t\t\t\t\t\t<div class=\"elementor-container elementor-column-gap-default\">\n\t\t\t\t\t<div class=\"elementor-column elementor-col-50 elementor-top-column elementor-element elementor-element-0bf809f animated-slow elementor-invisible\" data-id=\"0bf809f\" data-element_type=\"column\" data-e-type=\"column\" data-settings=\"{&quot;animation&quot;:&quot;fadeIn&quot;}\">\n\t\t\t<div class=\"elementor-widget-wrap elementor-element-populated\">\n\t\t\t\t\t\t<div class=\"elementor-element elementor-element-f2d677d elementor-widget elementor-widget-heading\" data-id=\"f2d677d\" data-element_type=\"widget\" data-e-type=\"widget\" data-widget_type=\"heading.default\">\n\t\t\t\t<div class=\"elementor-widget-container\">\n\t\t\t\t\t<h2 class=\"elementor-heading-title elementor-size-default\">GAT Insurance Headquarters<\/h2>\t\t\t\t<\/div>\n\t\t\t\t<\/div>\n\t\t\t\t<div class=\"elementor-element elementor-element-4fbf230 elementor-widget elementor-widget-text-editor\" data-id=\"4fbf230\" data-element_type=\"widget\" data-e-type=\"widget\" data-widget_type=\"text-editor.default\">\n\t\t\t\t<div class=\"elementor-widget-container\">\n\t\t\t\t\t\t\t\t\t<p class=\"translation-block\"><strong>Project: <\/strong>GAT Insurance headquarters in Tunis<\/p><p><strong>Description: <\/strong>Design and supervision of work to refurbish the GAT Assurance headquarters, comprising a basement, ground floor and 9 upper floors.<\/p><p><strong>Batch: <\/strong>Fluids (heating, ventilation and air conditioning HVAC, sanitary plumbing and fire safety fluids)<\/p><p class=\"translation-block\"><strong>Location: <\/strong>Avenue Mohamed V \u2013 Tunis \u2013 Tunisia<\/p>\t\t\t\t\t\t\t\t<\/div>\n\t\t\t\t<\/div>\n\t\t\t\t\t<\/div>\n\t\t<\/div>\n\t\t\t\t<div class=\"elementor-column elementor-col-50 elementor-top-column elementor-element elementor-element-4194b62\" data-id=\"4194b62\" data-element_type=\"column\" data-e-type=\"column\">\n\t\t\t<div class=\"elementor-widget-wrap elementor-element-populated\">\n\t\t\t\t\t\t<div class=\"elementor-element elementor-element-759bb4e animated-slow elementor-invisible elementor-widget elementor-widget-gallery\" data-id=\"759bb4e\" data-element_type=\"widget\" data-e-type=\"widget\" data-settings=\"{&quot;gallery_layout&quot;:&quot;masonry&quot;,&quot;_animation&quot;:&quot;fadeIn&quot;,&quot;columns&quot;:2,&quot;lazyload&quot;:&quot;yes&quot;,&quot;columns_tablet&quot;:2,&quot;columns_mobile&quot;:1,&quot;gap&quot;:{&quot;unit&quot;:&quot;px&quot;,&quot;size&quot;:10,&quot;sizes&quot;:[]},&quot;gap_tablet&quot;:{&quot;unit&quot;:&quot;px&quot;,&quot;size&quot;:10,&quot;sizes&quot;:[]},&quot;gap_mobile&quot;:{&quot;unit&quot;:&quot;px&quot;,&quot;size&quot;:10,&quot;sizes&quot;:[]},&quot;link_to&quot;:&quot;file&quot;,&quot;overlay_background&quot;:&quot;yes&quot;,&quot;content_hover_animation&quot;:&quot;fade-in&quot;}\" data-widget_type=\"gallery.default\">\n\t\t\t\t<div class=\"elementor-widget-container\">\n\t\t\t\t\t\t\t<div class=\"elementor-gallery__container\">\n\t\t\t\t\t\t\t<a class=\"e-gallery-item elementor-gallery-item elementor-animated-content\" href=\"https:\/\/betae-ing.com\/wp-content\/uploads\/2024\/10\/Capture-decran-2024-10-27-a-10.38.04.png\" data-elementor-open-lightbox=\"yes\" data-elementor-lightbox-slideshow=\"759bb4e\" data-e-action-hash=\"#elementor-action%3Aaction%3Dlightbox%26settings%3DeyJpZCI6MTk1OCwidXJsIjoiaHR0cHM6XC9cL2JldGFlLWluZy5jb21cL3dwLWNvbnRlbnRcL3VwbG9hZHNcLzIwMjRcLzEwXC9DYXB0dXJlLWRlY3Jhbi0yMDI0LTEwLTI3LWEtMTAuMzguMDQucG5nIiwic2xpZGVzaG93IjoiNzU5YmI0ZSJ9\">\n\t\t\t\t\t<div class=\"e-gallery-image elementor-gallery-item__image\" data-thumbnail=\"https:\/\/betae-ing.com\/wp-content\/uploads\/2024\/10\/Capture-decran-2024-10-27-a-10.38.04.png\" data-width=\"750\" data-height=\"832\" aria-label=\"\" role=\"img\" ><\/div>\n\t\t\t\t\t\t\t\t\t\t\t<div class=\"elementor-gallery-item__overlay\"><\/div>\n\t\t\t\t\t\t\t\t\t\t\t\t\t\t<\/a>\n\t\t\t\t\t<\/div>\n\t\t\t\t\t<\/div>\n\t\t\t\t<\/div>\n\t\t\t\t\t<\/div>\n\t\t<\/div>\n\t\t\t\t\t<\/div>\n\t\t<\/section>\n\t\t\t\t<\/div>","protected":false},"excerpt":{"rendered":"<p>Si\u00e8ge Assurance GAT Projet: Si\u00e8ge Assurance GAT \u00e0 Tunis Descriptif: Etude et suivi des travaux du r\u00e9am\u00e9nagement du si\u00e8ge GAT Assurance compos\u00e9 d&rsquo;un sous-sol, un RDC et de 9 \u00e9tages Lot: Fluides (chauffage, ventilation et climatisation CVC, plomberie sanitaire et s\u00e9curit\u00e9 incendie partie fluides) Emplacement: Avenue Mohamed V &#8211; Tunis &#8211; Tunisie<\/p>","protected":false},"author":1,"featured_media":0,"parent":0,"menu_order":0,"comment_status":"closed","ping_status":"closed","template":"elementor_header_footer","meta":{"footnotes":""},"class_list":["post-1955","page","type-page","status-publish","hentry"],"_links":{"self":[{"href":"https:\/\/betae-ing.com\/en\/wp-json\/wp\/v2\/pages\/1955","targetHints":{"allow":["GET"]}}],"collection":[{"href":"https:\/\/betae-ing.com\/en\/wp-json\/wp\/v2\/pages"}],"about":[{"href":"https:\/\/betae-ing.com\/en\/wp-json\/wp\/v2\/types\/page"}],"author":[{"embeddable":true,"href":"https:\/\/betae-ing.com\/en\/wp-json\/wp\/v2\/users\/1"}],"replies":[{"embeddable":true,"href":"https:\/\/betae-ing.com\/en\/wp-json\/wp\/v2\/comments?post=1955"}],"version-history":[{"count":10,"href":"https:\/\/betae-ing.com\/en\/wp-json\/wp\/v2\/pages\/1955\/revisions"}],"predecessor-version":[{"id":1967,"href":"https:\/\/betae-ing.com\/en\/wp-json\/wp\/v2\/pages\/1955\/revisions\/1967"}],"wp:attachment":[{"href":"https:\/\/betae-ing.com\/en\/wp-json\/wp\/v2\/media?parent=1955"}],"curies":[{"name":"wp","href":"https:\/\/api.w.org\/{rel}","templated":true}]}}