{"id":2052,"date":"2024-10-27T19:32:50","date_gmt":"2024-10-27T19:32:50","guid":{"rendered":"https:\/\/betae-ing.com\/?page_id=2052"},"modified":"2024-10-27T19:36:45","modified_gmt":"2024-10-27T19:36:45","slug":"sarrouty-business-center","status":"publish","type":"page","link":"https:\/\/betae-ing.com\/en\/sarrouty-business-center\/","title":{"rendered":"Sarrouty Business Center"},"content":{"rendered":"<style>\/*! elementor - v3.23.0 - 05-08-2024 *\/\n.elementor-heading-title{padding:0;margin:0;line-height:1}.elementor-widget-heading .elementor-heading-title[class*=elementor-size-]>a{color:inherit;font-size:inherit;line-height:inherit}.elementor-widget-heading .elementor-heading-title.elementor-size-small{font-size:15px}.elementor-widget-heading .elementor-heading-title.elementor-size-medium{font-size:19px}.elementor-widget-heading .elementor-heading-title.elementor-size-large{font-size:29px}.elementor-widget-heading .elementor-heading-title.elementor-size-xl{font-size:39px}.elementor-widget-heading .elementor-heading-title.elementor-size-xxl{font-size:59px}<\/style>\n<h2>Sarrouty Business Center<\/h2>\n<p><strong>Projet: <\/strong>Sarrouty Business Center<\/p>\n<p><strong>Descriptif: <\/strong>Etude et suivi des travaux de la construction d&rsquo;un b\u00e2timent bureautique Sarrouty Business Center et h\u00f4tel urbain compos\u00e9 de 2 sous sols, RDC, mezzanine et 10 \u00e9tages<\/p>\n<p><strong>Lot: <\/strong>Fluides (chauffage, ventilation et climatisation CVC et plomberie sanitaire) et sprinklage automatique<\/p>\n<p><strong>Emplacement: <\/strong>Lotissement \u00ab\u00a0Les R\u00e9sidences du Parc\u00a0\u00bb &#8211; Tunisie<\/p>\n<style>\/*! elementor-pro - v3.24.0 - 01-10-2024 *\/\n.elementor-gallery__container{min-height:1px}.elementor-gallery-item{border:solid var(--image-border-width) var(--image-border-color);border-radius:var(--image-border-radius);display:block;overflow:hidden;position:relative;text-decoration:none}.elementor-gallery-item__content,.elementor-gallery-item__overlay{height:100{3a1f050c34c3ed31ba9a1cbe11278a38eef840ae14beecf97f4ad9c14577386d};left:0;position:absolute;top:0;width:100{3a1f050c34c3ed31ba9a1cbe11278a38eef840ae14beecf97f4ad9c14577386d}}.elementor-gallery-item__overlay{mix-blend-mode:var(--overlay-mix-blend-mode);transition-duration:var(--overlay-transition-duration);transition-property:mix-blend-mode,transform,opacity,background-color}.elementor-gallery-item__image.e-gallery-image{transition-duration:var(--image-transition-duration);transition-property:filter,transform}.elementor-gallery-item__content{align-items:center;display:flex;flex-direction:column;justify-content:var(--content-justify-content,center);padding:var(--content-padding);text-align:var(--content-text-align)}.elementor-gallery-item__content>div{transition-duration:var(--content-transition-duration)}.elementor-gallery-item__content.elementor-gallery--sequenced-animation>div:nth-child(2){transition-delay:calc(var(--content-transition-delay) \/ 3)}.elementor-gallery-item__content.elementor-gallery--sequenced-animation>div:nth-child(3){transition-delay:calc(var(--content-transition-delay) \/ 3 * 2)}.elementor-gallery-item__content.elementor-gallery--sequenced-animation>div:nth-child(4){transition-delay:calc(var(--content-transition-delay) \/ 3 * 3)}.elementor-gallery-item__description{color:var(--description-text-color,#fff);width:100{3a1f050c34c3ed31ba9a1cbe11278a38eef840ae14beecf97f4ad9c14577386d}}.elementor-gallery-item__title{color:var(--title-text-color,#fff);font-weight:700;width:100{3a1f050c34c3ed31ba9a1cbe11278a38eef840ae14beecf97f4ad9c14577386d}}.elementor-gallery__titles-container{display:flex;flex-wrap:wrap;justify-content:var(--titles-container-justify-content,center);margin-bottom:20px}.elementor-gallery__titles-container:not(.e--pointer-framed) .elementor-item:after,.elementor-gallery__titles-container:not(.e--pointer-framed) .elementor-item:before{background-color:var(--galleries-pointer-bg-color-hover)}.elementor-gallery__titles-container:not(.e--pointer-framed) .elementor-item.elementor-item-active:after,.elementor-gallery__titles-container:not(.e--pointer-framed) .elementor-item.elementor-item-active:before{background-color:var(--galleries-pointer-bg-color-active)}.elementor-gallery__titles-container.e--pointer-framed .elementor-item:before{border-color:var(--galleries-pointer-bg-color-hover);border-width:var(--galleries-pointer-border-width)}.elementor-gallery__titles-container.e--pointer-framed .elementor-item:after{border-color:var(--galleries-pointer-bg-color-hover)}.elementor-gallery__titles-container.e--pointer-framed .elementor-item.elementor-item-active:after,.elementor-gallery__titles-container.e--pointer-framed .elementor-item.elementor-item-active:before{border-color:var(--galleries-pointer-bg-color-active)}.elementor-gallery__titles-container.e--pointer-framed.e--animation-draw .elementor-item:before{border-width:0 0 var(--galleries-pointer-border-width) var(--galleries-pointer-border-width)}.elementor-gallery__titles-container.e--pointer-framed.e--animation-draw .elementor-item:after{border-width:var(--galleries-pointer-border-width) var(--galleries-pointer-border-width) 0 0}.elementor-gallery__titles-container.e--pointer-framed.e--animation-corners .elementor-item:before{border-width:var(--galleries-pointer-border-width) 0 0 var(--galleries-pointer-border-width)}.elementor-gallery__titles-container.e--pointer-framed.e--animation-corners .elementor-item:after{border-width:0 var(--galleries-pointer-border-width) var(--galleries-pointer-border-width) 0}.elementor-gallery__titles-container .e--pointer-double-line .elementor-item:after,.elementor-gallery__titles-container .e--pointer-double-line .elementor-item:before,.elementor-gallery__titles-container .e--pointer-overline .elementor-item:before,.elementor-gallery__titles-container .e--pointer-underline .elementor-item:after{height:var(--galleries-pointer-border-width)}.elementor-gallery-title{--space-between:10px;color:#6d7882;cursor:pointer;font-weight:500;padding:7px 14px;position:relative;transition:all .3s}.elementor-gallery-title--active{color:#495157}.elementor-gallery-title:not(:last-child){margin-inline-end:var(--space-between)}.elementor-gallery-item__title+.elementor-gallery-item__description{margin-top:var(--description-margin-top)}.e-gallery-item.elementor-gallery-item{transition-property:all}.e-gallery-item.elementor-animated-content .elementor-animated-item--enter-from-bottom,.e-gallery-item.elementor-animated-content .elementor-animated-item--enter-from-left,.e-gallery-item.elementor-animated-content .elementor-animated-item--enter-from-right,.e-gallery-item.elementor-animated-content .elementor-animated-item--enter-from-top,.e-gallery-item:focus .elementor-gallery__item-overlay-bg,.e-gallery-item:focus .elementor-gallery__item-overlay-content,.e-gallery-item:focus .elementor-gallery__item-overlay-content__description,.e-gallery-item:focus .elementor-gallery__item-overlay-content__title,.e-gallery-item:hover .elementor-gallery__item-overlay-bg,.e-gallery-item:hover .elementor-gallery__item-overlay-content,.e-gallery-item:hover .elementor-gallery__item-overlay-content__description,.e-gallery-item:hover .elementor-gallery__item-overlay-content__title{opacity:1}a.elementor-item.elementor-gallery-title{color:var(--galleries-title-color-normal)}a.elementor-item.elementor-gallery-title.elementor-item-active,a.elementor-item.elementor-gallery-title.highlighted,a.elementor-item.elementor-gallery-title:focus,a.elementor-item.elementor-gallery-title:hover{color:var(--galleries-title-color-hover)}a.elementor-item.elementor-gallery-title.elementor-item-active{color:var(--gallery-title-color-active)}.e-con-inner>.elementor-widget-gallery,.e-con>.elementor-widget-gallery{width:var(--container-widget-width);--flex-grow:var( --container-widget-flex-grow )}<\/style>\n<p>\t\t\t\t\t\t\t<a href=\"https:\/\/betae-ing.com\/wp-content\/uploads\/2024\/10\/Capture-decran-2024-10-27-a-18.30.42.png\" data-elementor-open-lightbox=\"yes\" data-elementor-lightbox-slideshow=\"759bb4e\" data-e-action-hash=\"#elementor-action{3a1f050c34c3ed31ba9a1cbe11278a38eef840ae14beecf97f4ad9c14577386d}3Aaction{3a1f050c34c3ed31ba9a1cbe11278a38eef840ae14beecf97f4ad9c14577386d}3Dlightbox{3a1f050c34c3ed31ba9a1cbe11278a38eef840ae14beecf97f4ad9c14577386d}26settings{3a1f050c34c3ed31ba9a1cbe11278a38eef840ae14beecf97f4ad9c14577386d}3DeyJpZCI6MjA1NCwidXJsIjoiaHR0cHM6XC9cL2JldGFlLWluZy5jb21cL3dwLWNvbnRlbnRcL3VwbG9hZHNcLzIwMjRcLzEwXC9DYXB0dXJlLWRlY3Jhbi0yMDI0LTEwLTI3LWEtMTguMzAuNDIucG5nIiwic2xpZGVzaG93IjoiNzU5YmI0ZSJ9\"><br \/>\n\t\t\t\t\t\t\t\t\t\t\t\t\t\t<\/a><br \/>\n\t\t\t\t\t\t\t<a href=\"https:\/\/betae-ing.com\/wp-content\/uploads\/2024\/10\/Capture-decran-2024-10-27-a-18.30.52.png\" data-elementor-open-lightbox=\"yes\" data-elementor-lightbox-slideshow=\"759bb4e\" data-e-action-hash=\"#elementor-action{3a1f050c34c3ed31ba9a1cbe11278a38eef840ae14beecf97f4ad9c14577386d}3Aaction{3a1f050c34c3ed31ba9a1cbe11278a38eef840ae14beecf97f4ad9c14577386d}3Dlightbox{3a1f050c34c3ed31ba9a1cbe11278a38eef840ae14beecf97f4ad9c14577386d}26settings{3a1f050c34c3ed31ba9a1cbe11278a38eef840ae14beecf97f4ad9c14577386d}3DeyJpZCI6MjA1NSwidXJsIjoiaHR0cHM6XC9cL2JldGFlLWluZy5jb21cL3dwLWNvbnRlbnRcL3VwbG9hZHNcLzIwMjRcLzEwXC9DYXB0dXJlLWRlY3Jhbi0yMDI0LTEwLTI3LWEtMTguMzAuNTIucG5nIiwic2xpZGVzaG93IjoiNzU5YmI0ZSJ9\"><br \/>\n\t\t\t\t\t\t\t\t\t\t\t\t\t\t<\/a><br \/>\n\t\t\t\t\t\t\t<a href=\"https:\/\/betae-ing.com\/wp-content\/uploads\/2024\/10\/Capture-decran-2024-10-27-a-18.31.02.png\" data-elementor-open-lightbox=\"yes\" data-elementor-lightbox-slideshow=\"759bb4e\" data-e-action-hash=\"#elementor-action{3a1f050c34c3ed31ba9a1cbe11278a38eef840ae14beecf97f4ad9c14577386d}3Aaction{3a1f050c34c3ed31ba9a1cbe11278a38eef840ae14beecf97f4ad9c14577386d}3Dlightbox{3a1f050c34c3ed31ba9a1cbe11278a38eef840ae14beecf97f4ad9c14577386d}26settings{3a1f050c34c3ed31ba9a1cbe11278a38eef840ae14beecf97f4ad9c14577386d}3DeyJpZCI6MjA1NiwidXJsIjoiaHR0cHM6XC9cL2JldGFlLWluZy5jb21cL3dwLWNvbnRlbnRcL3VwbG9hZHNcLzIwMjRcLzEwXC9DYXB0dXJlLWRlY3Jhbi0yMDI0LTEwLTI3LWEtMTguMzEuMDIucG5nIiwic2xpZGVzaG93IjoiNzU5YmI0ZSJ9\"><br \/>\n\t\t\t\t\t\t\t\t\t\t\t\t\t\t<\/a><br \/>\n\t\t\t\t\t\t\t<a href=\"https:\/\/betae-ing.com\/wp-content\/uploads\/2024\/10\/Capture-decran-2024-10-27-a-18.31.16.png\" data-elementor-open-lightbox=\"yes\" data-elementor-lightbox-slideshow=\"759bb4e\" data-e-action-hash=\"#elementor-action{3a1f050c34c3ed31ba9a1cbe11278a38eef840ae14beecf97f4ad9c14577386d}3Aaction{3a1f050c34c3ed31ba9a1cbe11278a38eef840ae14beecf97f4ad9c14577386d}3Dlightbox{3a1f050c34c3ed31ba9a1cbe11278a38eef840ae14beecf97f4ad9c14577386d}26settings{3a1f050c34c3ed31ba9a1cbe11278a38eef840ae14beecf97f4ad9c14577386d}3DeyJpZCI6MjA1NywidXJsIjoiaHR0cHM6XC9cL2JldGFlLWluZy5jb21cL3dwLWNvbnRlbnRcL3VwbG9hZHNcLzIwMjRcLzEwXC9DYXB0dXJlLWRlY3Jhbi0yMDI0LTEwLTI3LWEtMTguMzEuMTYucG5nIiwic2xpZGVzaG93IjoiNzU5YmI0ZSJ9\"><br \/>\n\t\t\t\t\t\t\t\t\t\t\t\t\t\t<\/a><\/p>\n","protected":false},"excerpt":{"rendered":"<p>Sarrouty Business Center Projet: Sarrouty Business Center Descriptif: Etude et suivi des travaux de la construction d&rsquo;un b\u00e2timent bureautique Sarrouty Business Center et h\u00f4tel urbain compos\u00e9 de 2 sous sols, RDC, mezzanine et 10 \u00e9tages Lot: Fluides (chauffage, ventilation et climatisation CVC et plomberie sanitaire) et sprinklage automatique Emplacement: Lotissement \u00ab\u00a0Les R\u00e9sidences du Parc\u00a0\u00bb &#8211; [&hellip;]<\/p>\n","protected":false},"author":1,"featured_media":0,"parent":0,"menu_order":0,"comment_status":"closed","ping_status":"closed","template":"elementor_header_footer","meta":{"footnotes":""},"class_list":["post-2052","page","type-page","status-publish","hentry"],"_links":{"self":[{"href":"https:\/\/betae-ing.com\/en\/wp-json\/wp\/v2\/pages\/2052","targetHints":{"allow":["GET"]}}],"collection":[{"href":"https:\/\/betae-ing.com\/en\/wp-json\/wp\/v2\/pages"}],"about":[{"href":"https:\/\/betae-ing.com\/en\/wp-json\/wp\/v2\/types\/page"}],"author":[{"embeddable":true,"href":"https:\/\/betae-ing.com\/en\/wp-json\/wp\/v2\/users\/1"}],"replies":[{"embeddable":true,"href":"https:\/\/betae-ing.com\/en\/wp-json\/wp\/v2\/comments?post=2052"}],"version-history":[{"count":7,"href":"https:\/\/betae-ing.com\/en\/wp-json\/wp\/v2\/pages\/2052\/revisions"}],"predecessor-version":[{"id":2063,"href":"https:\/\/betae-ing.com\/en\/wp-json\/wp\/v2\/pages\/2052\/revisions\/2063"}],"wp:attachment":[{"href":"https:\/\/betae-ing.com\/en\/wp-json\/wp\/v2\/media?parent=2052"}],"curies":[{"name":"wp","href":"https:\/\/api.w.org\/{rel}","templated":true}]}}