{"id":2393,"date":"2024-11-03T09:58:58","date_gmt":"2024-11-03T09:58:58","guid":{"rendered":"https:\/\/betae-ing.com\/?page_id=2393"},"modified":"2024-11-03T10:02:31","modified_gmt":"2024-11-03T10:02:31","slug":"hopital-mosratah","status":"publish","type":"page","link":"https:\/\/betae-ing.com\/en\/hopital-mosratah\/","title":{"rendered":"Mosratah hospital"},"content":{"rendered":"<div data-elementor-type=\"wp-page\" data-elementor-id=\"2393\" class=\"elementor elementor-2393\" data-elementor-post-type=\"page\">\n\t\t\t\t\t\t<section class=\"elementor-section elementor-top-section elementor-element elementor-element-03da1a0 animated-slow elementor-section-full_width elementor-section-height-default elementor-section-height-default\" data-id=\"03da1a0\" data-element_type=\"section\" data-e-type=\"section\" data-settings=\"{&quot;animation&quot;:&quot;none&quot;,&quot;background_background&quot;:&quot;classic&quot;}\">\n\t\t\t\t\t\t<div class=\"elementor-container elementor-column-gap-default\">\n\t\t\t\t\t<div class=\"elementor-column elementor-col-50 elementor-top-column elementor-element elementor-element-0bf809f animated-slow elementor-invisible\" data-id=\"0bf809f\" data-element_type=\"column\" data-e-type=\"column\" data-settings=\"{&quot;animation&quot;:&quot;fadeIn&quot;}\">\n\t\t\t<div class=\"elementor-widget-wrap elementor-element-populated\">\n\t\t\t\t\t\t<div class=\"elementor-element elementor-element-f2d677d elementor-widget elementor-widget-heading\" data-id=\"f2d677d\" data-element_type=\"widget\" data-e-type=\"widget\" data-widget_type=\"heading.default\">\n\t\t\t\t<div class=\"elementor-widget-container\">\n\t\t\t\t\t<h2 class=\"elementor-heading-title elementor-size-default\">Mosratah hospital<\/h2>\t\t\t\t<\/div>\n\t\t\t\t<\/div>\n\t\t\t\t<div class=\"elementor-element elementor-element-4fbf230 elementor-widget elementor-widget-text-editor\" data-id=\"4fbf230\" data-element_type=\"widget\" data-e-type=\"widget\" data-widget_type=\"text-editor.default\">\n\t\t\t\t<div class=\"elementor-widget-container\">\n\t\t\t\t\t\t\t\t\t<p><strong>Project: <\/strong>Construction of Mosratah Hospital<\/p><p><strong>Description: <\/strong>Design and supervision of construction work for a hospital consisting of a ground floor and 2 upper floors<\/p><p><strong>Batch: <\/strong>Fluids (heating, ventilation and air conditioning HVAC, sanitary plumbing and fire safety fluids)<\/p><p><strong>Location: <\/strong>Mosratah \u2013 Libya\u00a0<\/p>\t\t\t\t\t\t\t\t<\/div>\n\t\t\t\t<\/div>\n\t\t\t\t\t<\/div>\n\t\t<\/div>\n\t\t\t\t<div class=\"elementor-column elementor-col-50 elementor-top-column elementor-element elementor-element-4194b62\" data-id=\"4194b62\" data-element_type=\"column\" data-e-type=\"column\">\n\t\t\t<div class=\"elementor-widget-wrap elementor-element-populated\">\n\t\t\t\t\t\t<div class=\"elementor-element elementor-element-759bb4e animated-slow elementor-invisible elementor-widget elementor-widget-gallery\" data-id=\"759bb4e\" data-element_type=\"widget\" data-e-type=\"widget\" data-settings=\"{&quot;gallery_layout&quot;:&quot;justified&quot;,&quot;_animation&quot;:&quot;fadeIn&quot;,&quot;lazyload&quot;:&quot;yes&quot;,&quot;ideal_row_height&quot;:{&quot;unit&quot;:&quot;px&quot;,&quot;size&quot;:200,&quot;sizes&quot;:[]},&quot;ideal_row_height_tablet&quot;:{&quot;unit&quot;:&quot;px&quot;,&quot;size&quot;:150,&quot;sizes&quot;:[]},&quot;ideal_row_height_mobile&quot;:{&quot;unit&quot;:&quot;px&quot;,&quot;size&quot;:150,&quot;sizes&quot;:[]},&quot;gap&quot;:{&quot;unit&quot;:&quot;px&quot;,&quot;size&quot;:10,&quot;sizes&quot;:[]},&quot;gap_tablet&quot;:{&quot;unit&quot;:&quot;px&quot;,&quot;size&quot;:10,&quot;sizes&quot;:[]},&quot;gap_mobile&quot;:{&quot;unit&quot;:&quot;px&quot;,&quot;size&quot;:10,&quot;sizes&quot;:[]},&quot;link_to&quot;:&quot;file&quot;,&quot;overlay_background&quot;:&quot;yes&quot;,&quot;content_hover_animation&quot;:&quot;fade-in&quot;}\" data-widget_type=\"gallery.default\">\n\t\t\t\t<div class=\"elementor-widget-container\">\n\t\t\t\t\t\t\t<div class=\"elementor-gallery__container\">\n\t\t\t\t\t\t\t<a class=\"e-gallery-item elementor-gallery-item elementor-animated-content\" href=\"https:\/\/betae-ing.com\/wp-content\/uploads\/2024\/11\/Capture-decran-2024-11-03-a-10.56.50.png\" data-elementor-open-lightbox=\"yes\" data-elementor-lightbox-slideshow=\"759bb4e\" data-e-action-hash=\"#elementor-action%3Aaction%3Dlightbox%26settings%3DeyJpZCI6MjM5NSwidXJsIjoiaHR0cHM6XC9cL2JldGFlLWluZy5jb21cL3dwLWNvbnRlbnRcL3VwbG9hZHNcLzIwMjRcLzExXC9DYXB0dXJlLWRlY3Jhbi0yMDI0LTExLTAzLWEtMTAuNTYuNTAucG5nIiwic2xpZGVzaG93IjoiNzU5YmI0ZSJ9\">\n\t\t\t\t\t<div class=\"e-gallery-image elementor-gallery-item__image\" data-thumbnail=\"https:\/\/betae-ing.com\/wp-content\/uploads\/2024\/11\/Capture-decran-2024-11-03-a-10.56.50.png\" data-width=\"1998\" data-height=\"1058\" aria-label=\"\" role=\"img\" ><\/div>\n\t\t\t\t\t\t\t\t\t\t\t<div class=\"elementor-gallery-item__overlay\"><\/div>\n\t\t\t\t\t\t\t\t\t\t\t\t\t\t<\/a>\n\t\t\t\t\t\t\t<a class=\"e-gallery-item elementor-gallery-item elementor-animated-content\" href=\"https:\/\/betae-ing.com\/wp-content\/uploads\/2024\/11\/Capture-decran-2024-11-03-a-10.57.31.png\" data-elementor-open-lightbox=\"yes\" data-elementor-lightbox-slideshow=\"759bb4e\" data-e-action-hash=\"#elementor-action%3Aaction%3Dlightbox%26settings%3DeyJpZCI6MjM5NiwidXJsIjoiaHR0cHM6XC9cL2JldGFlLWluZy5jb21cL3dwLWNvbnRlbnRcL3VwbG9hZHNcLzIwMjRcLzExXC9DYXB0dXJlLWRlY3Jhbi0yMDI0LTExLTAzLWEtMTAuNTcuMzEucG5nIiwic2xpZGVzaG93IjoiNzU5YmI0ZSJ9\">\n\t\t\t\t\t<div class=\"e-gallery-image elementor-gallery-item__image\" data-thumbnail=\"https:\/\/betae-ing.com\/wp-content\/uploads\/2024\/11\/Capture-decran-2024-11-03-a-10.57.31.png\" data-width=\"734\" data-height=\"546\" aria-label=\"\" role=\"img\" ><\/div>\n\t\t\t\t\t\t\t\t\t\t\t<div class=\"elementor-gallery-item__overlay\"><\/div>\n\t\t\t\t\t\t\t\t\t\t\t\t\t\t<\/a>\n\t\t\t\t\t\t\t<a class=\"e-gallery-item elementor-gallery-item elementor-animated-content\" href=\"https:\/\/betae-ing.com\/wp-content\/uploads\/2024\/10\/Capture-decran-2024-10-26-a-18.42.24.png\" data-elementor-open-lightbox=\"yes\" data-elementor-lightbox-slideshow=\"759bb4e\" data-e-action-hash=\"#elementor-action%3Aaction%3Dlightbox%26settings%3DeyJpZCI6MTgzNywidXJsIjoiaHR0cHM6XC9cL2JldGFlLWluZy5jb21cL3dwLWNvbnRlbnRcL3VwbG9hZHNcLzIwMjRcLzEwXC9DYXB0dXJlLWRlY3Jhbi0yMDI0LTEwLTI2LWEtMTguNDIuMjQucG5nIiwic2xpZGVzaG93IjoiNzU5YmI0ZSJ9\">\n\t\t\t\t\t<div class=\"e-gallery-image elementor-gallery-item__image\" data-thumbnail=\"https:\/\/betae-ing.com\/wp-content\/uploads\/2024\/10\/Capture-decran-2024-10-26-a-18.42.24.png\" data-width=\"878\" data-height=\"1078\" aria-label=\"\" role=\"img\" ><\/div>\n\t\t\t\t\t\t\t\t\t\t\t<div class=\"elementor-gallery-item__overlay\"><\/div>\n\t\t\t\t\t\t\t\t\t\t\t\t\t\t<\/a>\n\t\t\t\t\t\t\t<a class=\"e-gallery-item elementor-gallery-item elementor-animated-content\" href=\"https:\/\/betae-ing.com\/wp-content\/uploads\/2024\/10\/Capture-decran-2024-10-26-a-18.41.27.png\" data-elementor-open-lightbox=\"yes\" data-elementor-lightbox-slideshow=\"759bb4e\" data-e-action-hash=\"#elementor-action%3Aaction%3Dlightbox%26settings%3DeyJpZCI6MTgzMiwidXJsIjoiaHR0cHM6XC9cL2JldGFlLWluZy5jb21cL3dwLWNvbnRlbnRcL3VwbG9hZHNcLzIwMjRcLzEwXC9DYXB0dXJlLWRlY3Jhbi0yMDI0LTEwLTI2LWEtMTguNDEuMjcucG5nIiwic2xpZGVzaG93IjoiNzU5YmI0ZSJ9\">\n\t\t\t\t\t<div class=\"e-gallery-image elementor-gallery-item__image\" data-thumbnail=\"https:\/\/betae-ing.com\/wp-content\/uploads\/2024\/10\/Capture-decran-2024-10-26-a-18.41.27.png\" data-width=\"1122\" data-height=\"748\" aria-label=\"\" role=\"img\" ><\/div>\n\t\t\t\t\t\t\t\t\t\t\t<div class=\"elementor-gallery-item__overlay\"><\/div>\n\t\t\t\t\t\t\t\t\t\t\t\t\t\t<\/a>\n\t\t\t\t\t\t\t<a class=\"e-gallery-item elementor-gallery-item elementor-animated-content\" href=\"https:\/\/betae-ing.com\/wp-content\/uploads\/2024\/10\/Capture-decran-2024-10-26-a-18.42.08.png\" data-elementor-open-lightbox=\"yes\" data-elementor-lightbox-slideshow=\"759bb4e\" data-e-action-hash=\"#elementor-action%3Aaction%3Dlightbox%26settings%3DeyJpZCI6MTgzNiwidXJsIjoiaHR0cHM6XC9cL2JldGFlLWluZy5jb21cL3dwLWNvbnRlbnRcL3VwbG9hZHNcLzIwMjRcLzEwXC9DYXB0dXJlLWRlY3Jhbi0yMDI0LTEwLTI2LWEtMTguNDIuMDgucG5nIiwic2xpZGVzaG93IjoiNzU5YmI0ZSJ9\">\n\t\t\t\t\t<div class=\"e-gallery-image elementor-gallery-item__image\" data-thumbnail=\"https:\/\/betae-ing.com\/wp-content\/uploads\/2024\/10\/Capture-decran-2024-10-26-a-18.42.08.png\" data-width=\"1122\" data-height=\"792\" aria-label=\"\" role=\"img\" ><\/div>\n\t\t\t\t\t\t\t\t\t\t\t<div class=\"elementor-gallery-item__overlay\"><\/div>\n\t\t\t\t\t\t\t\t\t\t\t\t\t\t<\/a>\n\t\t\t\t\t<\/div>\n\t\t\t\t\t<\/div>\n\t\t\t\t<\/div>\n\t\t\t\t\t<\/div>\n\t\t<\/div>\n\t\t\t\t\t<\/div>\n\t\t<\/section>\n\t\t\t\t<\/div>","protected":false},"excerpt":{"rendered":"<p>H\u00f4pital Mosratah Projet: Construction de l&rsquo;h\u00f4pital Mosratah Descriptif: Etude et suivi des travaux de la construction d&rsquo;un h\u00f4pital compos\u00e9 d&rsquo;un RDC et de 2 \u00e9tages Lot: Fluides (chauffage, ventilation et climatisation CVC, plomberie sanitaire et s\u00e9curit\u00e9 incendie partie fluides) Emplacement: Mosratah &#8211; Libye\u00a0<\/p>","protected":false},"author":1,"featured_media":0,"parent":0,"menu_order":0,"comment_status":"closed","ping_status":"closed","template":"elementor_header_footer","meta":{"footnotes":""},"class_list":["post-2393","page","type-page","status-publish","hentry"],"_links":{"self":[{"href":"https:\/\/betae-ing.com\/en\/wp-json\/wp\/v2\/pages\/2393","targetHints":{"allow":["GET"]}}],"collection":[{"href":"https:\/\/betae-ing.com\/en\/wp-json\/wp\/v2\/pages"}],"about":[{"href":"https:\/\/betae-ing.com\/en\/wp-json\/wp\/v2\/types\/page"}],"author":[{"embeddable":true,"href":"https:\/\/betae-ing.com\/en\/wp-json\/wp\/v2\/users\/1"}],"replies":[{"embeddable":true,"href":"https:\/\/betae-ing.com\/en\/wp-json\/wp\/v2\/comments?post=2393"}],"version-history":[{"count":4,"href":"https:\/\/betae-ing.com\/en\/wp-json\/wp\/v2\/pages\/2393\/revisions"}],"predecessor-version":[{"id":2400,"href":"https:\/\/betae-ing.com\/en\/wp-json\/wp\/v2\/pages\/2393\/revisions\/2400"}],"wp:attachment":[{"href":"https:\/\/betae-ing.com\/en\/wp-json\/wp\/v2\/media?parent=2393"}],"curies":[{"name":"wp","href":"https:\/\/api.w.org\/{rel}","templated":true}]}}