{"id":2460,"date":"2024-11-03T10:33:00","date_gmt":"2024-11-03T10:33:00","guid":{"rendered":"https:\/\/betae-ing.com\/?page_id=2460"},"modified":"2024-11-03T10:36:51","modified_gmt":"2024-11-03T10:36:51","slug":"extension-de-lusine-pharmaceutique-baxter","status":"publish","type":"page","link":"https:\/\/betae-ing.com\/en\/extension-de-lusine-pharmaceutique-baxter\/","title":{"rendered":"Extension of the Baxter pharmaceutical plant"},"content":{"rendered":"<div data-elementor-type=\"wp-page\" data-elementor-id=\"2460\" class=\"elementor elementor-2460\" data-elementor-post-type=\"page\">\n\t\t\t\t\t\t<section class=\"elementor-section elementor-top-section elementor-element elementor-element-03da1a0 animated-slow elementor-section-full_width elementor-section-height-default elementor-section-height-default\" data-id=\"03da1a0\" data-element_type=\"section\" data-e-type=\"section\" data-settings=\"{&quot;animation&quot;:&quot;none&quot;,&quot;background_background&quot;:&quot;classic&quot;}\">\n\t\t\t\t\t\t<div class=\"elementor-container elementor-column-gap-default\">\n\t\t\t\t\t<div class=\"elementor-column elementor-col-50 elementor-top-column elementor-element elementor-element-0bf809f animated-slow elementor-invisible\" data-id=\"0bf809f\" data-element_type=\"column\" data-e-type=\"column\" data-settings=\"{&quot;animation&quot;:&quot;fadeIn&quot;}\">\n\t\t\t<div class=\"elementor-widget-wrap elementor-element-populated\">\n\t\t\t\t\t\t<div class=\"elementor-element elementor-element-f2d677d elementor-widget elementor-widget-heading\" data-id=\"f2d677d\" data-element_type=\"widget\" data-e-type=\"widget\" data-widget_type=\"heading.default\">\n\t\t\t\t<div class=\"elementor-widget-container\">\n\t\t\t\t\t<h2 class=\"elementor-heading-title elementor-size-default\">Extension of the Baxter pharmaceutical plant<\/h2>\t\t\t\t<\/div>\n\t\t\t\t<\/div>\n\t\t\t\t<div class=\"elementor-element elementor-element-4fbf230 elementor-widget elementor-widget-text-editor\" data-id=\"4fbf230\" data-element_type=\"widget\" data-e-type=\"widget\" data-widget_type=\"text-editor.default\">\n\t\t\t\t<div class=\"elementor-widget-container\">\n\t\t\t\t\t\t\t\t\t<p><strong>Project: <\/strong>Extension of the Baxter pharmaceutical plant\u00a0<\/p><p><strong>Description: <\/strong>Design and supervision of work to extend the Baxter pharmaceutical plant<\/p><p><strong>Batch: <\/strong>Fluids (heating, ventilation and air conditioning HVAC, sanitary plumbing and fire safety fluids), automatic sprinklers, centralized technical management (CTM)<\/p><p><strong>Location: <\/strong>Oued Ellil \u2013 Tunisia<\/p>\t\t\t\t\t\t\t\t<\/div>\n\t\t\t\t<\/div>\n\t\t\t\t\t<\/div>\n\t\t<\/div>\n\t\t\t\t<div class=\"elementor-column elementor-col-50 elementor-top-column elementor-element elementor-element-4194b62\" data-id=\"4194b62\" data-element_type=\"column\" data-e-type=\"column\">\n\t\t\t<div class=\"elementor-widget-wrap elementor-element-populated\">\n\t\t\t\t\t\t<div class=\"elementor-element elementor-element-759bb4e animated-slow elementor-invisible elementor-widget elementor-widget-gallery\" data-id=\"759bb4e\" data-element_type=\"widget\" data-e-type=\"widget\" data-settings=\"{&quot;gallery_layout&quot;:&quot;justified&quot;,&quot;_animation&quot;:&quot;fadeIn&quot;,&quot;ideal_row_height&quot;:{&quot;unit&quot;:&quot;px&quot;,&quot;size&quot;:230,&quot;sizes&quot;:[]},&quot;lazyload&quot;:&quot;yes&quot;,&quot;ideal_row_height_tablet&quot;:{&quot;unit&quot;:&quot;px&quot;,&quot;size&quot;:150,&quot;sizes&quot;:[]},&quot;ideal_row_height_mobile&quot;:{&quot;unit&quot;:&quot;px&quot;,&quot;size&quot;:150,&quot;sizes&quot;:[]},&quot;gap&quot;:{&quot;unit&quot;:&quot;px&quot;,&quot;size&quot;:10,&quot;sizes&quot;:[]},&quot;gap_tablet&quot;:{&quot;unit&quot;:&quot;px&quot;,&quot;size&quot;:10,&quot;sizes&quot;:[]},&quot;gap_mobile&quot;:{&quot;unit&quot;:&quot;px&quot;,&quot;size&quot;:10,&quot;sizes&quot;:[]},&quot;link_to&quot;:&quot;file&quot;,&quot;overlay_background&quot;:&quot;yes&quot;,&quot;content_hover_animation&quot;:&quot;fade-in&quot;}\" data-widget_type=\"gallery.default\">\n\t\t\t\t<div class=\"elementor-widget-container\">\n\t\t\t\t\t\t\t<div class=\"elementor-gallery__container\">\n\t\t\t\t\t\t\t<a class=\"e-gallery-item elementor-gallery-item elementor-animated-content\" href=\"https:\/\/betae-ing.com\/wp-content\/uploads\/2024\/11\/Capture-decran-2024-11-03-a-11.34.04.png\" data-elementor-open-lightbox=\"yes\" data-elementor-lightbox-slideshow=\"759bb4e\" data-e-action-hash=\"#elementor-action%3Aaction%3Dlightbox%26settings%3DeyJpZCI6MjQ2MiwidXJsIjoiaHR0cHM6XC9cL2JldGFlLWluZy5jb21cL3dwLWNvbnRlbnRcL3VwbG9hZHNcLzIwMjRcLzExXC9DYXB0dXJlLWRlY3Jhbi0yMDI0LTExLTAzLWEtMTEuMzQuMDQucG5nIiwic2xpZGVzaG93IjoiNzU5YmI0ZSJ9\">\n\t\t\t\t\t<div class=\"e-gallery-image elementor-gallery-item__image\" data-thumbnail=\"https:\/\/betae-ing.com\/wp-content\/uploads\/2024\/11\/Capture-decran-2024-11-03-a-11.34.04.png\" data-width=\"790\" data-height=\"466\" aria-label=\"\" role=\"img\" ><\/div>\n\t\t\t\t\t\t\t\t\t\t\t<div class=\"elementor-gallery-item__overlay\"><\/div>\n\t\t\t\t\t\t\t\t\t\t\t\t\t\t<\/a>\n\t\t\t\t\t\t\t<a class=\"e-gallery-item elementor-gallery-item elementor-animated-content\" href=\"https:\/\/betae-ing.com\/wp-content\/uploads\/2024\/11\/purepng.com-baxter-logologobrand-logoiconslogos-25151993807992ac5.png\" data-elementor-open-lightbox=\"yes\" data-elementor-lightbox-slideshow=\"759bb4e\" data-e-action-hash=\"#elementor-action%3Aaction%3Dlightbox%26settings%3DeyJpZCI6MjQ2MywidXJsIjoiaHR0cHM6XC9cL2JldGFlLWluZy5jb21cL3dwLWNvbnRlbnRcL3VwbG9hZHNcLzIwMjRcLzExXC9wdXJlcG5nLmNvbS1iYXh0ZXItbG9nb2xvZ29icmFuZC1sb2dvaWNvbnNsb2dvcy0yNTE1MTk5MzgwNzk5MmFjNS5wbmciLCJzbGlkZXNob3ciOiI3NTliYjRlIn0%3D\">\n\t\t\t\t\t<div class=\"e-gallery-image elementor-gallery-item__image\" data-thumbnail=\"https:\/\/betae-ing.com\/wp-content\/uploads\/2024\/11\/purepng.com-baxter-logologobrand-logoiconslogos-25151993807992ac5.png\" data-width=\"2700\" data-height=\"600\" aria-label=\"\" role=\"img\" ><\/div>\n\t\t\t\t\t\t\t\t\t\t\t<div class=\"elementor-gallery-item__overlay\"><\/div>\n\t\t\t\t\t\t\t\t\t\t\t\t\t\t<\/a>\n\t\t\t\t\t<\/div>\n\t\t\t\t\t<\/div>\n\t\t\t\t<\/div>\n\t\t\t\t\t<\/div>\n\t\t<\/div>\n\t\t\t\t\t<\/div>\n\t\t<\/section>\n\t\t\t\t<\/div>","protected":false},"excerpt":{"rendered":"<p>Extension de l&rsquo;usine pharmaceutique Baxter Projet: Extension de l&rsquo;usine pharmaceutique Baxter\u00a0 Descriptif: Etude et suivi des travaux de l&rsquo;extension de l&rsquo;usine pharmaceutique Baxter Lot: Fluides (chauffage, ventilation et climatisation CVC, plomberie sanitaire et s\u00e9curit\u00e9 incendie partie fluides), sprinklage automatique, gestion technique centralis\u00e9 GTC Emplacement: Oued Ellil &#8211; Tunisie<\/p>","protected":false},"author":1,"featured_media":0,"parent":0,"menu_order":0,"comment_status":"closed","ping_status":"closed","template":"elementor_header_footer","meta":{"footnotes":""},"class_list":["post-2460","page","type-page","status-publish","hentry"],"_links":{"self":[{"href":"https:\/\/betae-ing.com\/en\/wp-json\/wp\/v2\/pages\/2460","targetHints":{"allow":["GET"]}}],"collection":[{"href":"https:\/\/betae-ing.com\/en\/wp-json\/wp\/v2\/pages"}],"about":[{"href":"https:\/\/betae-ing.com\/en\/wp-json\/wp\/v2\/types\/page"}],"author":[{"embeddable":true,"href":"https:\/\/betae-ing.com\/en\/wp-json\/wp\/v2\/users\/1"}],"replies":[{"embeddable":true,"href":"https:\/\/betae-ing.com\/en\/wp-json\/wp\/v2\/comments?post=2460"}],"version-history":[{"count":19,"href":"https:\/\/betae-ing.com\/en\/wp-json\/wp\/v2\/pages\/2460\/revisions"}],"predecessor-version":[{"id":2481,"href":"https:\/\/betae-ing.com\/en\/wp-json\/wp\/v2\/pages\/2460\/revisions\/2481"}],"wp:attachment":[{"href":"https:\/\/betae-ing.com\/en\/wp-json\/wp\/v2\/media?parent=2460"}],"curies":[{"name":"wp","href":"https:\/\/api.w.org\/{rel}","templated":true}]}}