{"id":2519,"date":"2024-11-03T16:15:18","date_gmt":"2024-11-03T16:15:18","guid":{"rendered":"https:\/\/betae-ing.com\/?page_id=2519"},"modified":"2024-11-03T16:22:51","modified_gmt":"2024-11-03T16:22:51","slug":"construction-et-renovation-de-plusieurs-unites-et-sites-industriels-du-groupe-sah","status":"publish","type":"page","link":"https:\/\/betae-ing.com\/en\/construction-et-renovation-de-plusieurs-unites-et-sites-industriels-du-groupe-sah\/","title":{"rendered":"Construction and renovation of several SAH Group industrial plants and facilities"},"content":{"rendered":"<div data-elementor-type=\"wp-page\" data-elementor-id=\"2519\" class=\"elementor elementor-2519\" data-elementor-post-type=\"page\">\n\t\t\t\t\t\t<section class=\"elementor-section elementor-top-section elementor-element elementor-element-03da1a0 animated-slow elementor-section-full_width elementor-section-height-default elementor-section-height-default\" data-id=\"03da1a0\" data-element_type=\"section\" data-e-type=\"section\" data-settings=\"{&quot;animation&quot;:&quot;none&quot;,&quot;background_background&quot;:&quot;classic&quot;}\">\n\t\t\t\t\t\t<div class=\"elementor-container elementor-column-gap-default\">\n\t\t\t\t\t<div class=\"elementor-column elementor-col-100 elementor-top-column elementor-element elementor-element-0bf809f animated-slow elementor-invisible\" data-id=\"0bf809f\" data-element_type=\"column\" data-e-type=\"column\" data-settings=\"{&quot;animation&quot;:&quot;fadeIn&quot;}\">\n\t\t\t<div class=\"elementor-widget-wrap elementor-element-populated\">\n\t\t\t\t\t\t<div class=\"elementor-element elementor-element-f2d677d elementor-widget elementor-widget-heading\" data-id=\"f2d677d\" data-element_type=\"widget\" data-e-type=\"widget\" data-widget_type=\"heading.default\">\n\t\t\t\t<div class=\"elementor-widget-container\">\n\t\t\t\t\t<h2 class=\"elementor-heading-title elementor-size-default\">Construction and renovation of several SAH Group industrial plants and facilities<\/h2>\t\t\t\t<\/div>\n\t\t\t\t<\/div>\n\t\t\t\t<div class=\"elementor-element elementor-element-4fbf230 elementor-widget elementor-widget-text-editor\" data-id=\"4fbf230\" data-element_type=\"widget\" data-e-type=\"widget\" data-widget_type=\"text-editor.default\">\n\t\t\t\t<div class=\"elementor-widget-container\">\n\t\t\t\t\t\t\t\t\t<p><strong>Project: <\/strong>Construction and renovation of several industrial units and sites for the SAH group - Lilas hygienic products company<\/p><p><strong>Description: <\/strong>Design and supervision of construction work:<\/p><ul><li>SAH plant in Libya<\/li><li>SAH plant in Mauritania<\/li><li>SAH plant in Senegal<\/li><li>Azur Papier plant in Hammam Zriba<\/li><li>Wipes factory in Medjez El Beb<\/li><li>Azur Cosm\u00e9tique plant in Hammam Zriba<\/li><li>Azur D\u00e9tergeant plant in Hammam Zriba<\/li><li>Renovation of more than 20 storage depots in several locations: Beja, Medjez El Beh, Hammam Zriba, Jbel Ouest, Zagouane<\/li><\/ul><p><strong>Batch: <\/strong>Fluids (heating, ventilation and air conditioning HVAC, sanitary plumbing and fire safety - fluids section), fire safety - firefighting section and smoke extraction - centralized technical management - CTM<\/p><p><strong>Location: <\/strong>Libya \/ Tunisia \/ Mauritania \/ Senegal<\/p>\t\t\t\t\t\t\t\t<\/div>\n\t\t\t\t<\/div>\n\t\t\t\t\t<\/div>\n\t\t<\/div>\n\t\t\t\t\t<\/div>\n\t\t<\/section>\n\t\t\t\t<\/div>","protected":false},"excerpt":{"rendered":"<p>Construction et r\u00e9novation de plusieurs unit\u00e9s et sites industriels du groupe SAH Projet: Construction et r\u00e9novation de plusieurs unit\u00e9s et sites industriels du groupe SAH &#8211; Soci\u00e9t\u00e9 d&rsquo;articles hygi\u00e8niques Lilas Descriptif: Etude et suivi des travaux de la construction de: Usine SAH en Libye Usine SAH en Mauritanie Usine SAH au S\u00e9n\u00e9gal Usine Azur Papier [&hellip;]<\/p>\n","protected":false},"author":1,"featured_media":0,"parent":0,"menu_order":0,"comment_status":"closed","ping_status":"closed","template":"elementor_header_footer","meta":{"footnotes":""},"class_list":["post-2519","page","type-page","status-publish","hentry"],"_links":{"self":[{"href":"https:\/\/betae-ing.com\/en\/wp-json\/wp\/v2\/pages\/2519","targetHints":{"allow":["GET"]}}],"collection":[{"href":"https:\/\/betae-ing.com\/en\/wp-json\/wp\/v2\/pages"}],"about":[{"href":"https:\/\/betae-ing.com\/en\/wp-json\/wp\/v2\/types\/page"}],"author":[{"embeddable":true,"href":"https:\/\/betae-ing.com\/en\/wp-json\/wp\/v2\/users\/1"}],"replies":[{"embeddable":true,"href":"https:\/\/betae-ing.com\/en\/wp-json\/wp\/v2\/comments?post=2519"}],"version-history":[{"count":4,"href":"https:\/\/betae-ing.com\/en\/wp-json\/wp\/v2\/pages\/2519\/revisions"}],"predecessor-version":[{"id":2524,"href":"https:\/\/betae-ing.com\/en\/wp-json\/wp\/v2\/pages\/2519\/revisions\/2524"}],"wp:attachment":[{"href":"https:\/\/betae-ing.com\/en\/wp-json\/wp\/v2\/media?parent=2519"}],"curies":[{"name":"wp","href":"https:\/\/api.w.org\/{rel}","templated":true}]}}