{"id":2529,"date":"2024-11-03T16:32:38","date_gmt":"2024-11-03T16:32:38","guid":{"rendered":"https:\/\/betae-ing.com\/?page_id=2529"},"modified":"2024-11-03T16:35:30","modified_gmt":"2024-11-03T16:35:30","slug":"renovation-des-unites-et-sites-industriels-du-groupe-safran","status":"publish","type":"page","link":"https:\/\/betae-ing.com\/en\/renovation-des-unites-et-sites-industriels-du-groupe-safran\/","title":{"rendered":"Renovation of SAFRAN Group industrial facilities and sites"},"content":{"rendered":"<div data-elementor-type=\"wp-page\" data-elementor-id=\"2529\" class=\"elementor elementor-2529\" data-elementor-post-type=\"page\">\n\t\t\t\t\t\t<section class=\"elementor-section elementor-top-section elementor-element elementor-element-03da1a0 animated-slow elementor-section-full_width elementor-section-height-default elementor-section-height-default\" data-id=\"03da1a0\" data-element_type=\"section\" data-e-type=\"section\" data-settings=\"{&quot;animation&quot;:&quot;none&quot;,&quot;background_background&quot;:&quot;classic&quot;}\">\n\t\t\t\t\t\t<div class=\"elementor-container elementor-column-gap-default\">\n\t\t\t\t\t<div class=\"elementor-column elementor-col-100 elementor-top-column elementor-element elementor-element-0bf809f animated-slow elementor-invisible\" data-id=\"0bf809f\" data-element_type=\"column\" data-e-type=\"column\" data-settings=\"{&quot;animation&quot;:&quot;fadeIn&quot;}\">\n\t\t\t<div class=\"elementor-widget-wrap elementor-element-populated\">\n\t\t\t\t\t\t<div class=\"elementor-element elementor-element-f2d677d elementor-widget elementor-widget-heading\" data-id=\"f2d677d\" data-element_type=\"widget\" data-e-type=\"widget\" data-widget_type=\"heading.default\">\n\t\t\t\t<div class=\"elementor-widget-container\">\n\t\t\t\t\t<h2 class=\"elementor-heading-title elementor-size-default\">Renovation of SAFRAN Group industrial facilities and sites<\/h2>\t\t\t\t<\/div>\n\t\t\t\t<\/div>\n\t\t\t\t<div class=\"elementor-element elementor-element-4fbf230 elementor-widget elementor-widget-text-editor\" data-id=\"4fbf230\" data-element_type=\"widget\" data-e-type=\"widget\" data-widget_type=\"text-editor.default\">\n\t\t\t\t<div class=\"elementor-widget-container\">\n\t\t\t\t\t\t\t\t\t<p><strong>Project: <\/strong>Renovation of SAFRAN Group industrial facilities and sites<\/p>n<p><strong>Description: <\/strong>Design and supervision of renovation and extension work:<\/p>n<ul>n<li>SAFRAN Dhhari site<\/li>n<li>SAFRAN Soliman site<\/li>n<li>SAFRAN Grombalia site<\/li>n<\/ul>n<p><strong>Batch: <\/strong>Fluids (heating, ventilation and air conditioning HVAC, sanitary plumbing and fire safety - fluids section), fire safety - firefighting and smoke extraction section\u00a0<\/p>n<p><strong>Location: <\/strong>Tunisia\u00a0<\/p>\t\t\t\t\t\t\t\t<\/div>\n\t\t\t\t<\/div>\n\t\t\t\t\t<\/div>\n\t\t<\/div>\n\t\t\t\t\t<\/div>\n\t\t<\/section>\n\t\t\t\t<\/div>","protected":false},"excerpt":{"rendered":"<p>R\u00e9novation des unit\u00e9s et sites industriels du groupe SAFRAN Projet: R\u00e9novation des unit\u00e9s et sites industriels du groupe SAFRAN Descriptif: Etude et suivi des travaux de r\u00e9novation et extension de: Site SAFRAN Dhhari Site SAFRAN Soliman Site SAFRAN Grombalia Lot: Fluides (chauffage, ventilation et climatisation CVC, plomberie sanitaire et s\u00e9curit\u00e9 incendie partie fluides), s\u00e9curit\u00e9 incendie [&hellip;]<\/p>\n","protected":false},"author":1,"featured_media":0,"parent":0,"menu_order":0,"comment_status":"closed","ping_status":"closed","template":"elementor_header_footer","meta":{"footnotes":""},"class_list":["post-2529","page","type-page","status-publish","hentry"],"_links":{"self":[{"href":"https:\/\/betae-ing.com\/en\/wp-json\/wp\/v2\/pages\/2529","targetHints":{"allow":["GET"]}}],"collection":[{"href":"https:\/\/betae-ing.com\/en\/wp-json\/wp\/v2\/pages"}],"about":[{"href":"https:\/\/betae-ing.com\/en\/wp-json\/wp\/v2\/types\/page"}],"author":[{"embeddable":true,"href":"https:\/\/betae-ing.com\/en\/wp-json\/wp\/v2\/users\/1"}],"replies":[{"embeddable":true,"href":"https:\/\/betae-ing.com\/en\/wp-json\/wp\/v2\/comments?post=2529"}],"version-history":[{"count":7,"href":"https:\/\/betae-ing.com\/en\/wp-json\/wp\/v2\/pages\/2529\/revisions"}],"predecessor-version":[{"id":2537,"href":"https:\/\/betae-ing.com\/en\/wp-json\/wp\/v2\/pages\/2529\/revisions\/2537"}],"wp:attachment":[{"href":"https:\/\/betae-ing.com\/en\/wp-json\/wp\/v2\/media?parent=2529"}],"curies":[{"name":"wp","href":"https:\/\/api.w.org\/{rel}","templated":true}]}}